{"id":9491,"date":"2021-08-05T11:10:28","date_gmt":"2021-08-05T11:10:28","guid":{"rendered":"https:\/\/www.socoda.fr\/?page_id=9491"},"modified":"2025-01-31T10:07:41","modified_gmt":"2025-01-31T10:07:41","slug":"join-the-socoda-network","status":"publish","type":"page","link":"https:\/\/www.socoda.fr\/en\/join-the-socoda-network\/","title":{"rendered":"Join the SOCODA network"},"content":{"rendered":"","protected":false},"excerpt":{"rendered":"","protected":false},"author":3,"featured_media":8420,"parent":0,"menu_order":0,"comment_status":"closed","ping_status":"closed","template":"template-join-us.php","meta":{"footnotes":""},"class_list":["post-9491","page","type-page","status-publish","has-post-thumbnail","hentry"],"acf":[],"yoast_head":"<!-- This site is optimized with the Yoast SEO plugin v26.8 - https:\/\/yoast.com\/product\/yoast-seo-wordpress\/ -->\n<title>Join the SOCODA network - SOCODA<\/title>\n<meta name=\"robots\" content=\"index, follow, max-snippet:-1, max-image-preview:large, max-video-preview:-1\" \/>\n<link rel=\"canonical\" href=\"https:\/\/www.socoda.fr\/en\/join-the-socoda-network\/\" \/>\n<meta property=\"og:locale\" content=\"en_US\" \/>\n<meta property=\"og:type\" content=\"article\" \/>\n<meta property=\"og:title\" content=\"Join the SOCODA network - SOCODA\" \/>\n<meta property=\"og:url\" content=\"https:\/\/www.socoda.fr\/en\/join-the-socoda-network\/\" \/>\n<meta property=\"og:site_name\" content=\"SOCODA\" \/>\n<meta property=\"article:modified_time\" content=\"2025-01-31T10:07:41+00:00\" \/>\n<meta property=\"og:image\" content=\"https:\/\/www.socoda.fr\/wp-content\/uploads\/2021\/09\/CAP86_CreditsSylvainRENARD-18.jpg\" \/>\n\t<meta property=\"og:image:width\" content=\"2480\" \/>\n\t<meta property=\"og:image:height\" content=\"1638\" \/>\n\t<meta property=\"og:image:type\" content=\"image\/jpeg\" \/>\n<meta name=\"twitter:card\" content=\"summary_large_image\" \/>\n<meta name=\"twitter:label1\" content=\"Est. reading time\" \/>\n\t<meta name=\"twitter:data1\" content=\"1 minute\" \/>\n<script type=\"application\/ld+json\" class=\"yoast-schema-graph\">{\"@context\":\"https:\/\/schema.org\",\"@graph\":[{\"@type\":\"WebPage\",\"@id\":\"https:\/\/www.socoda.fr\/en\/join-the-socoda-network\/\",\"url\":\"https:\/\/www.socoda.fr\/en\/join-the-socoda-network\/\",\"name\":\"Join the SOCODA network - SOCODA\",\"isPartOf\":{\"@id\":\"https:\/\/www.socoda.fr\/en\/#website\"},\"primaryImageOfPage\":{\"@id\":\"https:\/\/www.socoda.fr\/en\/join-the-socoda-network\/#primaryimage\"},\"image\":{\"@id\":\"https:\/\/www.socoda.fr\/en\/join-the-socoda-network\/#primaryimage\"},\"thumbnailUrl\":\"https:\/\/www.socoda.fr\/wp-content\/uploads\/2021\/09\/CAP86_CreditsSylvainRENARD-18.jpg\",\"datePublished\":\"2021-08-05T11:10:28+00:00\",\"dateModified\":\"2025-01-31T10:07:41+00:00\",\"breadcrumb\":{\"@id\":\"https:\/\/www.socoda.fr\/en\/join-the-socoda-network\/#breadcrumb\"},\"inLanguage\":\"en-US\",\"potentialAction\":[{\"@type\":\"ReadAction\",\"target\":[\"https:\/\/www.socoda.fr\/en\/join-the-socoda-network\/\"]}]},{\"@type\":\"ImageObject\",\"inLanguage\":\"en-US\",\"@id\":\"https:\/\/www.socoda.fr\/en\/join-the-socoda-network\/#primaryimage\",\"url\":\"https:\/\/www.socoda.fr\/wp-content\/uploads\/2021\/09\/CAP86_CreditsSylvainRENARD-18.jpg\",\"contentUrl\":\"https:\/\/www.socoda.fr\/wp-content\/uploads\/2021\/09\/CAP86_CreditsSylvainRENARD-18.jpg\",\"width\":2480,\"height\":1638},{\"@type\":\"BreadcrumbList\",\"@id\":\"https:\/\/www.socoda.fr\/en\/join-the-socoda-network\/#breadcrumb\",\"itemListElement\":[{\"@type\":\"ListItem\",\"position\":1,\"name\":\"Accueil\",\"item\":\"https:\/\/www.socoda.fr\/en\/\"},{\"@type\":\"ListItem\",\"position\":2,\"name\":\"Join the SOCODA network\"}]},{\"@type\":\"WebSite\",\"@id\":\"https:\/\/www.socoda.fr\/en\/#website\",\"url\":\"https:\/\/www.socoda.fr\/en\/\",\"name\":\"SOCODA\",\"description\":\"1er r\u00e9seau en France de distributeurs ind\u00e9pendants au service des entreprises du b\u00e2timent et de l&#039;industrie.\",\"potentialAction\":[{\"@type\":\"SearchAction\",\"target\":{\"@type\":\"EntryPoint\",\"urlTemplate\":\"https:\/\/www.socoda.fr\/en\/?s={search_term_string}\"},\"query-input\":{\"@type\":\"PropertyValueSpecification\",\"valueRequired\":true,\"valueName\":\"search_term_string\"}}],\"inLanguage\":\"en-US\"}]}<\/script>\n<!-- \/ Yoast SEO plugin. -->","yoast_head_json":{"title":"Join the SOCODA network - SOCODA","robots":{"index":"index","follow":"follow","max-snippet":"max-snippet:-1","max-image-preview":"max-image-preview:large","max-video-preview":"max-video-preview:-1"},"canonical":"https:\/\/www.socoda.fr\/en\/join-the-socoda-network\/","og_locale":"en_US","og_type":"article","og_title":"Join the SOCODA network - SOCODA","og_url":"https:\/\/www.socoda.fr\/en\/join-the-socoda-network\/","og_site_name":"SOCODA","article_modified_time":"2025-01-31T10:07:41+00:00","og_image":[{"width":2480,"height":1638,"url":"https:\/\/www.socoda.fr\/wp-content\/uploads\/2021\/09\/CAP86_CreditsSylvainRENARD-18.jpg","type":"image\/jpeg"}],"twitter_card":"summary_large_image","twitter_misc":{"Est. reading time":"1 minute"},"schema":{"@context":"https:\/\/schema.org","@graph":[{"@type":"WebPage","@id":"https:\/\/www.socoda.fr\/en\/join-the-socoda-network\/","url":"https:\/\/www.socoda.fr\/en\/join-the-socoda-network\/","name":"Join the SOCODA network - SOCODA","isPartOf":{"@id":"https:\/\/www.socoda.fr\/en\/#website"},"primaryImageOfPage":{"@id":"https:\/\/www.socoda.fr\/en\/join-the-socoda-network\/#primaryimage"},"image":{"@id":"https:\/\/www.socoda.fr\/en\/join-the-socoda-network\/#primaryimage"},"thumbnailUrl":"https:\/\/www.socoda.fr\/wp-content\/uploads\/2021\/09\/CAP86_CreditsSylvainRENARD-18.jpg","datePublished":"2021-08-05T11:10:28+00:00","dateModified":"2025-01-31T10:07:41+00:00","breadcrumb":{"@id":"https:\/\/www.socoda.fr\/en\/join-the-socoda-network\/#breadcrumb"},"inLanguage":"en-US","potentialAction":[{"@type":"ReadAction","target":["https:\/\/www.socoda.fr\/en\/join-the-socoda-network\/"]}]},{"@type":"ImageObject","inLanguage":"en-US","@id":"https:\/\/www.socoda.fr\/en\/join-the-socoda-network\/#primaryimage","url":"https:\/\/www.socoda.fr\/wp-content\/uploads\/2021\/09\/CAP86_CreditsSylvainRENARD-18.jpg","contentUrl":"https:\/\/www.socoda.fr\/wp-content\/uploads\/2021\/09\/CAP86_CreditsSylvainRENARD-18.jpg","width":2480,"height":1638},{"@type":"BreadcrumbList","@id":"https:\/\/www.socoda.fr\/en\/join-the-socoda-network\/#breadcrumb","itemListElement":[{"@type":"ListItem","position":1,"name":"Accueil","item":"https:\/\/www.socoda.fr\/en\/"},{"@type":"ListItem","position":2,"name":"Join the SOCODA network"}]},{"@type":"WebSite","@id":"https:\/\/www.socoda.fr\/en\/#website","url":"https:\/\/www.socoda.fr\/en\/","name":"SOCODA","description":"1er r\u00e9seau en France de distributeurs ind\u00e9pendants au service des entreprises du b\u00e2timent et de l&#039;industrie.","potentialAction":[{"@type":"SearchAction","target":{"@type":"EntryPoint","urlTemplate":"https:\/\/www.socoda.fr\/en\/?s={search_term_string}"},"query-input":{"@type":"PropertyValueSpecification","valueRequired":true,"valueName":"search_term_string"}}],"inLanguage":"en-US"}]}},"_links":{"self":[{"href":"https:\/\/www.socoda.fr\/en\/wp-json\/wp\/v2\/pages\/9491","targetHints":{"allow":["GET"]}}],"collection":[{"href":"https:\/\/www.socoda.fr\/en\/wp-json\/wp\/v2\/pages"}],"about":[{"href":"https:\/\/www.socoda.fr\/en\/wp-json\/wp\/v2\/types\/page"}],"author":[{"embeddable":true,"href":"https:\/\/www.socoda.fr\/en\/wp-json\/wp\/v2\/users\/3"}],"replies":[{"embeddable":true,"href":"https:\/\/www.socoda.fr\/en\/wp-json\/wp\/v2\/comments?post=9491"}],"version-history":[{"count":2,"href":"https:\/\/www.socoda.fr\/en\/wp-json\/wp\/v2\/pages\/9491\/revisions"}],"predecessor-version":[{"id":9503,"href":"https:\/\/www.socoda.fr\/en\/wp-json\/wp\/v2\/pages\/9491\/revisions\/9503"}],"wp:featuredmedia":[{"embeddable":true,"href":"https:\/\/www.socoda.fr\/en\/wp-json\/wp\/v2\/media\/8420"}],"wp:attachment":[{"href":"https:\/\/www.socoda.fr\/en\/wp-json\/wp\/v2\/media?parent=9491"}],"curies":[{"name":"wp","href":"https:\/\/api.w.org\/{rel}","templated":true}]}}