{"id":9456,"date":"2021-08-05T15:02:03","date_gmt":"2021-08-05T15:02:03","guid":{"rendered":"https:\/\/www.socoda.fr\/?page_id=9456"},"modified":"2025-04-01T08:45:02","modified_gmt":"2025-04-01T08:45:02","slug":"legal-notice","status":"publish","type":"page","link":"https:\/\/www.socoda.fr\/en\/legal-notice\/","title":{"rendered":"Legal notice"},"content":{"rendered":"<p>In accordance with Law No. 2004-575 of 21 June 2004 on confidence in the digital economy, &#8220;Groupe SOCODA&#8221; provides you with the following information:<\/p>\n<p><strong>Website Publisher<\/strong><\/p>\n<ul>\n<li><strong>Company Name:<\/strong> Groupe SOCODA<\/li>\n<li><strong>Address:<\/strong> 35 Bd de S\u00e9bastopol, 75001 Paris<\/li>\n<li><strong>Phone:<\/strong> +33 (0)1 44 83 67 89<\/li>\n<\/ul>\n<p>The unique identifier confirming registration in the producers&#8217; register, in accordance with Article L.541-10-13 of the Environmental Code, has been assigned by ADEME. This identifier confirms our compliance with the registration obligation in the producers&#8217; register and the fulfilment of our market placement declarations with the relevant eco-organisations.<\/p>\n<p><strong>Unique Identifiers:<\/strong><\/p>\n<ul>\n<li>For the DDS EPR sector: FR217872_07ETJL<\/li>\n<li>For the EEE sector: FR003147_05BSYV<\/li>\n<li>For the graphic papers EPR sector: 4115: FR217872_03WIDS<\/li>\n<li>For the DIY and gardening articles sector: FR391386_14LLHA<\/li>\n<\/ul>\n<p>You can find information about the use of your personal data in our <a href=\"https:\/\/www.socoda.fr\/en\/privacy-policy\/\">privacy policy.<\/a><\/p>\n","protected":false},"excerpt":{"rendered":"<p>In accordance with Law No. 2004-575 of 21 June 2004 on confidence in the digital economy, &#8220;Groupe SOCODA&#8221; provides you with the following information: Website Publisher Company Name: Groupe SOCODA Address: 35 Bd de S\u00e9bastopol, 75001 Paris Phone: +33 (0)1 44 83 67 89 The unique identifier confirming registration in the producers&#8217; register, in accordance [&hellip;]<\/p>\n","protected":false},"author":3,"featured_media":0,"parent":0,"menu_order":0,"comment_status":"closed","ping_status":"closed","template":"","meta":{"footnotes":""},"class_list":["post-9456","page","type-page","status-publish","hentry"],"acf":[],"yoast_head":"<!-- This site is optimized with the Yoast SEO plugin v26.8 - https:\/\/yoast.com\/product\/yoast-seo-wordpress\/ -->\n<title>Legal notice - SOCODA<\/title>\n<meta name=\"description\" content=\"In accordance with Law No. 2004-575 of 21 June 2004 on confidence in the digital economy, &quot;Groupe SOCODA&quot; provides you with the following information:\" \/>\n<meta name=\"robots\" content=\"index, follow, max-snippet:-1, max-image-preview:large, max-video-preview:-1\" \/>\n<link rel=\"canonical\" href=\"https:\/\/www.socoda.fr\/en\/legal-notice\/\" \/>\n<meta property=\"og:locale\" content=\"en_US\" \/>\n<meta property=\"og:type\" content=\"article\" \/>\n<meta property=\"og:title\" content=\"Legal notice - SOCODA\" \/>\n<meta property=\"og:description\" content=\"In accordance with Law No. 2004-575 of 21 June 2004 on confidence in the digital economy, &quot;Groupe SOCODA&quot; provides you with the following information:\" \/>\n<meta property=\"og:url\" content=\"https:\/\/www.socoda.fr\/en\/legal-notice\/\" \/>\n<meta property=\"og:site_name\" content=\"SOCODA\" \/>\n<meta property=\"article:modified_time\" content=\"2025-04-01T08:45:02+00:00\" \/>\n<meta name=\"twitter:card\" content=\"summary_large_image\" \/>\n<meta name=\"twitter:label1\" content=\"Est. reading time\" \/>\n\t<meta name=\"twitter:data1\" content=\"1 minute\" \/>\n<script type=\"application\/ld+json\" class=\"yoast-schema-graph\">{\"@context\":\"https:\/\/schema.org\",\"@graph\":[{\"@type\":\"WebPage\",\"@id\":\"https:\/\/www.socoda.fr\/en\/legal-notice\/\",\"url\":\"https:\/\/www.socoda.fr\/en\/legal-notice\/\",\"name\":\"Legal notice - SOCODA\",\"isPartOf\":{\"@id\":\"https:\/\/www.socoda.fr\/en\/#website\"},\"datePublished\":\"2021-08-05T15:02:03+00:00\",\"dateModified\":\"2025-04-01T08:45:02+00:00\",\"description\":\"In accordance with Law No. 2004-575 of 21 June 2004 on confidence in the digital economy, \\\"Groupe SOCODA\\\" provides you with the following information:\",\"breadcrumb\":{\"@id\":\"https:\/\/www.socoda.fr\/en\/legal-notice\/#breadcrumb\"},\"inLanguage\":\"en-US\",\"potentialAction\":[{\"@type\":\"ReadAction\",\"target\":[\"https:\/\/www.socoda.fr\/en\/legal-notice\/\"]}]},{\"@type\":\"BreadcrumbList\",\"@id\":\"https:\/\/www.socoda.fr\/en\/legal-notice\/#breadcrumb\",\"itemListElement\":[{\"@type\":\"ListItem\",\"position\":1,\"name\":\"Accueil\",\"item\":\"https:\/\/www.socoda.fr\/en\/\"},{\"@type\":\"ListItem\",\"position\":2,\"name\":\"Legal notice\"}]},{\"@type\":\"WebSite\",\"@id\":\"https:\/\/www.socoda.fr\/en\/#website\",\"url\":\"https:\/\/www.socoda.fr\/en\/\",\"name\":\"SOCODA\",\"description\":\"1er r\u00e9seau en France de distributeurs ind\u00e9pendants au service des entreprises du b\u00e2timent et de l&#039;industrie.\",\"potentialAction\":[{\"@type\":\"SearchAction\",\"target\":{\"@type\":\"EntryPoint\",\"urlTemplate\":\"https:\/\/www.socoda.fr\/en\/?s={search_term_string}\"},\"query-input\":{\"@type\":\"PropertyValueSpecification\",\"valueRequired\":true,\"valueName\":\"search_term_string\"}}],\"inLanguage\":\"en-US\"}]}<\/script>\n<!-- \/ Yoast SEO plugin. -->","yoast_head_json":{"title":"Legal notice - SOCODA","description":"In accordance with Law No. 2004-575 of 21 June 2004 on confidence in the digital economy, \"Groupe SOCODA\" provides you with the following information:","robots":{"index":"index","follow":"follow","max-snippet":"max-snippet:-1","max-image-preview":"max-image-preview:large","max-video-preview":"max-video-preview:-1"},"canonical":"https:\/\/www.socoda.fr\/en\/legal-notice\/","og_locale":"en_US","og_type":"article","og_title":"Legal notice - SOCODA","og_description":"In accordance with Law No. 2004-575 of 21 June 2004 on confidence in the digital economy, \"Groupe SOCODA\" provides you with the following information:","og_url":"https:\/\/www.socoda.fr\/en\/legal-notice\/","og_site_name":"SOCODA","article_modified_time":"2025-04-01T08:45:02+00:00","twitter_card":"summary_large_image","twitter_misc":{"Est. reading time":"1 minute"},"schema":{"@context":"https:\/\/schema.org","@graph":[{"@type":"WebPage","@id":"https:\/\/www.socoda.fr\/en\/legal-notice\/","url":"https:\/\/www.socoda.fr\/en\/legal-notice\/","name":"Legal notice - SOCODA","isPartOf":{"@id":"https:\/\/www.socoda.fr\/en\/#website"},"datePublished":"2021-08-05T15:02:03+00:00","dateModified":"2025-04-01T08:45:02+00:00","description":"In accordance with Law No. 2004-575 of 21 June 2004 on confidence in the digital economy, \"Groupe SOCODA\" provides you with the following information:","breadcrumb":{"@id":"https:\/\/www.socoda.fr\/en\/legal-notice\/#breadcrumb"},"inLanguage":"en-US","potentialAction":[{"@type":"ReadAction","target":["https:\/\/www.socoda.fr\/en\/legal-notice\/"]}]},{"@type":"BreadcrumbList","@id":"https:\/\/www.socoda.fr\/en\/legal-notice\/#breadcrumb","itemListElement":[{"@type":"ListItem","position":1,"name":"Accueil","item":"https:\/\/www.socoda.fr\/en\/"},{"@type":"ListItem","position":2,"name":"Legal notice"}]},{"@type":"WebSite","@id":"https:\/\/www.socoda.fr\/en\/#website","url":"https:\/\/www.socoda.fr\/en\/","name":"SOCODA","description":"1er r\u00e9seau en France de distributeurs ind\u00e9pendants au service des entreprises du b\u00e2timent et de l&#039;industrie.","potentialAction":[{"@type":"SearchAction","target":{"@type":"EntryPoint","urlTemplate":"https:\/\/www.socoda.fr\/en\/?s={search_term_string}"},"query-input":{"@type":"PropertyValueSpecification","valueRequired":true,"valueName":"search_term_string"}}],"inLanguage":"en-US"}]}},"_links":{"self":[{"href":"https:\/\/www.socoda.fr\/en\/wp-json\/wp\/v2\/pages\/9456","targetHints":{"allow":["GET"]}}],"collection":[{"href":"https:\/\/www.socoda.fr\/en\/wp-json\/wp\/v2\/pages"}],"about":[{"href":"https:\/\/www.socoda.fr\/en\/wp-json\/wp\/v2\/types\/page"}],"author":[{"embeddable":true,"href":"https:\/\/www.socoda.fr\/en\/wp-json\/wp\/v2\/users\/3"}],"replies":[{"embeddable":true,"href":"https:\/\/www.socoda.fr\/en\/wp-json\/wp\/v2\/comments?post=9456"}],"version-history":[{"count":4,"href":"https:\/\/www.socoda.fr\/en\/wp-json\/wp\/v2\/pages\/9456\/revisions"}],"predecessor-version":[{"id":11347,"href":"https:\/\/www.socoda.fr\/en\/wp-json\/wp\/v2\/pages\/9456\/revisions\/11347"}],"wp:attachment":[{"href":"https:\/\/www.socoda.fr\/en\/wp-json\/wp\/v2\/media?parent=9456"}],"curies":[{"name":"wp","href":"https:\/\/api.w.org\/{rel}","templated":true}]}}